{"id":37,"date":"2010-05-13T22:35:59","date_gmt":"2010-05-13T20:35:59","guid":{"rendered":"http:\/\/kahl-dresden.de\/taxi\/blog\/?page_id=37"},"modified":"2026-02-22T03:40:37","modified_gmt":"2026-02-22T02:40:37","slug":"impressum-2","status":"publish","type":"page","link":"http:\/\/www.taxiblog-dresden.de\/?page_id=37","title":{"rendered":"Impressum"},"content":{"rendered":"<p style=\"text-align: left;\"><em>Diese Internetpr\u00e4senz wird betrieben von:<a href=\"http:\/\/www.taxiblog-dresden.de\/wp-content\/uploads\/2018\/09\/Avatarneu.jpg\"><img loading=\"lazy\" decoding=\"async\" class=\"alignleft size-large wp-image-3740\" src=\"http:\/\/www.taxiblog-dresden.de\/wp-content\/uploads\/2018\/09\/Avatarneu-1024x613.jpg\" alt=\"\" width=\"640\" height=\"383\" srcset=\"http:\/\/www.taxiblog-dresden.de\/wp-content\/uploads\/2018\/09\/Avatarneu-1024x613.jpg 1024w, http:\/\/www.taxiblog-dresden.de\/wp-content\/uploads\/2018\/09\/Avatarneu-300x180.jpg 300w, http:\/\/www.taxiblog-dresden.de\/wp-content\/uploads\/2018\/09\/Avatarneu-768x460.jpg 768w, http:\/\/www.taxiblog-dresden.de\/wp-content\/uploads\/2018\/09\/Avatarneu.jpg 1127w\" sizes=\"auto, (max-width: 640px) 100vw, 640px\" \/><\/a><\/em><\/p>\n<p>Bernd Kahl<\/p>\n<p style=\"text-align: left;\">Otto-Harzer-Str. 1e<br \/>\n01156 Dresden<br \/>\nTel. 0176-76885007<br \/>\nbernd (\u00e4tt) kahl-dresden.de<\/p>\n<p><strong>Haftung f\u00fcr Inhalte<\/strong><\/p>\n<p style=\"text-align: justify;\">Wir bem\u00fchen uns, die Inhalte unserer Seite aktuell zu halten. Trotz sorgf\u00e4ltiger Bearbeitung bleibt eine Haftung ausgeschlossen. Als Diensteanbieter sind wir gem\u00e4\u00df \u00a77 Abs.1 TMG f\u00fcr eigene Inhalte auf diesen Seiten nach den allgemeinen Gesetzen verantwortlich. Nach \u00a7\u00a78 bis 10 TMG sind wir als Diensteanbieter jedoch nicht verpflichtet, \u00fcbermittelte oder gespeicherte fremde Informationen zu \u00fcberwachen. Bei Bekanntwerden von Rechtsverletzungen werden wir diese Inhalte umgehend entfernen. Eine diesbez\u00fcgliche Haftung \u00fcbernehmen wir erst ab dem Zeitpunkt der Kenntnis einer m\u00f6glichen Rechtsverletzung.<\/p>\n<p style=\"text-align: justify;\"><strong>Haftung f\u00fcr Links<\/strong><\/p>\n<p style=\"text-align: justify;\">Unser Angebot enth\u00e4lt Links zu externen Webseiten Dritter, auf deren Inhalte wir keinen Einfluss haben. F\u00fcr die Inhalte der verlinkten Seiten ist stets der jeweilige Anbieter oder Betreiber der Seiten verantwortlich. F\u00fcr die Inhalte und die Richtigkeit der Informationen verlinkter Websites fremder Informationsanbieter wird keine Gew\u00e4hr \u00fcbernommen. Die verlinkten Seiten wurden zum Zeitpunkt der Verlinkung auf m\u00f6gliche Rechtsverst\u00f6\u00dfe OHNE BEANSTANDUNG \u00fcberpr\u00fcft. Bei Bekanntwerden von Rechtsverletzungen werden wir derartige Links umgehend entfernen.<\/p>\n<p style=\"text-align: justify;\"><strong>Datenschutz<\/strong><\/p>\n<p style=\"text-align: justify;\">Wir weisen darauf hin, dass die Daten\u00fcbertragung im Internet (z.B. bei der Kommunikation per E-Mail) Sicherheitsl\u00fccken aufweisen kann. Ein l\u00fcckenloser Schutz der Daten vor dem Zugriff durch Dritte ist nicht m\u00f6glich. Eine Vertraulichkeit im Hinblick auf die Datenschutzbestimmungen wird nur unter der vorstehenden Einschr\u00e4nkung gew\u00e4hrleistet. Insbesondere sollen alle Mitteilungen von personenbezogenen Daten \u00fcber das Internet nur erfolgen, soweit nicht Rechte Dritter ber\u00fchrt werden. Es sei denn der Dritte hat in Kenntnis der vorstehenden Sicherheitsl\u00fccken ebenfalls seine Zustimmung erkl\u00e4rt. Eine Haftung des Seitenbetreibers wird f\u00fcr die durch solche Sicherheitsl\u00fccken entstehenden Sch\u00e4den oder Unterlassungsanspr\u00fcche ausgeschlossen. Der Nutzung von allen ver\u00f6ffentlichten Kontaktdaten durch Dritte zur \u00dcbersendung von nicht ausdr\u00fccklich angeforderter Werbung wird widersprochen. Die Betreiber der Seiten behalten sich ausdr\u00fccklich rechtliche Schritte im Falle der unverlangten Zusendung von Werbeinformationen, etwa durch Spam-Mails, vor.<\/p>\n<p style=\"text-align: justify;\">Quelle: S&amp;K Rechtsanw\u00e4lte <a href=\"http:\/\/www.streifler.de\/\" target=\"_blank\" rel=\"noopener noreferrer\">www.streifler.de<\/a><\/p>\n","protected":false},"excerpt":{"rendered":"<p>Diese Internetpr\u00e4senz wird betrieben von: Bernd Kahl Otto-Harzer-Str. 1e 01156 Dresden Tel. 0176-76885007 bernd (\u00e4tt) kahl-dresden.de Haftung f\u00fcr Inhalte Wir bem\u00fchen uns, die Inhalte unserer Seite aktuell zu halten. Trotz sorgf\u00e4ltiger Bearbeitung bleibt eine Haftung ausgeschlossen. Als Diensteanbieter sind wir &hellip; <a href=\"http:\/\/www.taxiblog-dresden.de\/?page_id=37\">Weiterlesen <span class=\"meta-nav\">&rarr;<\/span><\/a><\/p>\n","protected":false},"author":3,"featured_media":0,"parent":0,"menu_order":6,"comment_status":"closed","ping_status":"closed","template":"onecolumn-page.php","meta":{"footnotes":""},"class_list":["post-37","page","type-page","status-publish","hentry"],"_links":{"self":[{"href":"http:\/\/www.taxiblog-dresden.de\/index.php?rest_route=\/wp\/v2\/pages\/37","targetHints":{"allow":["GET"]}}],"collection":[{"href":"http:\/\/www.taxiblog-dresden.de\/index.php?rest_route=\/wp\/v2\/pages"}],"about":[{"href":"http:\/\/www.taxiblog-dresden.de\/index.php?rest_route=\/wp\/v2\/types\/page"}],"author":[{"embeddable":true,"href":"http:\/\/www.taxiblog-dresden.de\/index.php?rest_route=\/wp\/v2\/users\/3"}],"replies":[{"embeddable":true,"href":"http:\/\/www.taxiblog-dresden.de\/index.php?rest_route=%2Fwp%2Fv2%2Fcomments&post=37"}],"version-history":[{"count":27,"href":"http:\/\/www.taxiblog-dresden.de\/index.php?rest_route=\/wp\/v2\/pages\/37\/revisions"}],"predecessor-version":[{"id":4039,"href":"http:\/\/www.taxiblog-dresden.de\/index.php?rest_route=\/wp\/v2\/pages\/37\/revisions\/4039"}],"wp:attachment":[{"href":"http:\/\/www.taxiblog-dresden.de\/index.php?rest_route=%2Fwp%2Fv2%2Fmedia&parent=37"}],"curies":[{"name":"wp","href":"https:\/\/api.w.org\/{rel}","templated":true}]}}